{"id":874,"date":"2013-08-09T20:01:42","date_gmt":"2013-08-09T18:01:42","guid":{"rendered":"http:\/\/www.padela.de\/?page_id=874"},"modified":"2024-01-25T14:54:26","modified_gmt":"2024-01-25T13:54:26","slug":"imprint","status":"publish","type":"page","link":"https:\/\/www.padela.de\/en\/imprint\/","title":{"rendered":"Imprint"},"content":{"rendered":"<div>\n<div>\n<p>Information in accordance with \u00a7 5 TMG:<\/p>\n<p>padela GmbH<br \/>\nFleckenweg 15<br \/>\n86316 Friedberg<\/p>\n<h2>Authorised representative as managing partner:<\/h2>\n<p>Achim Federle<\/p>\n<h2>Contact:<\/h2>\n<p>Telephone: 0821\/34 99 822<br \/>\nE-Mail: info(at)padela.de<\/p>\n<h2>Register entry:<\/h2>\n<p>Entry in the commercial register.<br \/>\nRegister court: Augsburg<br \/>\nRegister number: HRB 27411<\/p>\n<h2>Value added tax-ID:<\/h2>\n<p>Value added tax-identification number in accordance with \u00a727 a value added Tax Act:<br \/>\nDE 28 59 64 788<\/p>\n<h2>Responsible for the content in accordance with \u00a7 55 clause 2 RStV:<\/h2>\n<p>Achim Federle<br \/>\nFleckenweg 15<br \/>\n86316 Friedberg<\/p>\n<h2>List of references for the used pictures and graphics:<\/h2>\n<p><a href=\"http:\/\/de.fotolia.com\">www.de.fotolia.com<\/a><\/p>\n<p>\u00a9 3desc<br \/>\n\u00a9 Africa Studio<br \/>\n\u00a9 Alexandr Kan\u00f5kin<br \/>\n\u00a9 alexlmx<br \/>\n\u00a9 Aliaksei Lasevich<br \/>\n\u00a9 Aliaksei Luskin<br \/>\n\u00a9 alphaspirit<br \/>\n\u00a9 amenasme<br \/>\n\u00a9 amnachphoto<br \/>\n\u00a9 Andrey Khritin<br \/>\n\u00a9 Andrzej Tokarski<br \/>\n\u00a9 andumetwo<br \/>\n\u00a9 angelo.gi<br \/>\n\u00a9 anyaivanova<br \/>\n\u00a9 AshDesign<br \/>\n\u00a9 atm2003<br \/>\n\u00a9 bayurov<br \/>\n\u00a9 beermedia<br \/>\n\u00a9 beermedia<br \/>\n\u00a9 beermedia.de<br \/>\n\u00a9 Ben Chams<br \/>\n\u00a9 Birgit Reitz-Hofmann<br \/>\n\u00a9 Bj\u00f6rn Wylezich<br \/>\n\u00a9 black-horse<br \/>\n\u00a9 brongkie<br \/>\n\u00a9 chromaticstudio<br \/>\n\u00a9 cidris<br \/>\n\u00a9 Cmon<br \/>\n\u00a9 Coprid<br \/>\n\u00a9 Daneshvar<br \/>\n\u00a9 demarco<br \/>\n\u00a9 demarco<br \/>\n\u00a9 dima_pics<br \/>\n\u00a9 Dreaming Andy<br \/>\n\u00a9 dresden<br \/>\n\u00a9 durchblick24<br \/>\n\u00a9 emel82<br \/>\n\u00a9 ErikSvoboda<br \/>\n\u00a9 faithie<br \/>\n\u00a9 fantasy<br \/>\n\u00a9 florinoprea<br \/>\n\u00a9 fotogestoeber<br \/>\n\u00a9 FotolEdhar<br \/>\n\u00a9 FotolEdhar<br \/>\n\u00a9 fotomek<br \/>\n\u00a9 Fotoschuh<br \/>\n\u00a9 fotos-v<br \/>\n\u00a9 frog<br \/>\n\u00a9 Globalflyer<br \/>\n\u00a9 Goss Vitalij<br \/>\n\u00a9 GP<br \/>\n\u00a9 Gulien Diavel<br \/>\n\u00a9 gwt52hkxd8z<br \/>\n\u00a9 hjschneider<br \/>\n\u00a9 imageteam<br \/>\n\u00a9 ioannis kounadeas<br \/>\n\u00a9 JackF<br \/>\n\u00a9 janvier<br \/>\n\u00a9 JiSIGN<br \/>\n\u00a9 jogisturtzfreq<br \/>\n\u00a9 J\u00fcrgen F\u00e4lchle<br \/>\n\u00a9 Kadmy<br \/>\n\u00a9 kange_one<br \/>\n\u00a9 kantver<br \/>\n\u00a9 kelly marken<br \/>\n\u00a9 Kirill Kedrinski<br \/>\n\u00a9 Klaus Eppele<br \/>\n\u00a9 kmiragaya<br \/>\n\u00a9 krappweis<br \/>\n\u00a9 krasyuk<br \/>\n\u00a9 kuarmungadd<br \/>\n\u00a9 Kybele<br \/>\n\u00a9 lenets_tan<br \/>\n\u00a9 lipowski<br \/>\n\u00a9 loracreative<br \/>\n\u00a9 loraks<br \/>\n\u00a9 luchshen<br \/>\n\u00a9 manipulateur<br \/>\n\u00a9 Marco2811<br \/>\n\u00a9 MCE-128<br \/>\n\u00a9 mettus<br \/>\n\u00a9 michalz86<br \/>\n\u00a9 Milos Stojiljkovic<br \/>\n\u00a9 montego6<br \/>\n\u00a9 moonrun<br \/>\n\u00a9 Mykhailo Kovtoniuk<br \/>\n\u00a9 Nik<br \/>\n\u00a9 ohmo<br \/>\n\u00a9 Oleksandr Delyk<br \/>\n\u00a9 Oleksandr Kovalchuk<br \/>\n\u00a9 Oleksiy Mark<br \/>\n\u00a9 Olivier Le Moal<br \/>\n\u00a9 olly<br \/>\n\u00a9 olmarmar<br \/>\n\u00a9 pavlodargmxnet<br \/>\n\u00a9 phantom1311<br \/>\n\u00a9 phatthanun<br \/>\n\u00a9 philhol<br \/>\n\u00a9 pinchukv<br \/>\n\u00a9 Pixelot<br \/>\n\u00a9 PRILL Mediendesign<br \/>\n\u00a9 pupes1<br \/>\n\u00a9 ra2 studio<br \/>\n\u00a9 radiorio<br \/>\n\u00a9 Ramona Heim<br \/>\n\u00a9 Rawpixel<br \/>\n\u00a9 roongzaa<br \/>\n\u00a9 rubysoho<br \/>\n\u00a9 Ruslan Kudrin<br \/>\n\u00a9 S.John<br \/>\n\u00a9 sabnaluck<br \/>\n\u00a9 samdisc<br \/>\n\u00a9 Sashkin<br \/>\n\u00a9 Scanrail<br \/>\n\u00a9 scenery1<br \/>\n\u00a9 science photo<br \/>\n\u00a9 senoldo<br \/>\n\u00a9 Sergej Khackimullin<br \/>\n\u00a9 Sergey Nivens<br \/>\n\u00a9 Sergey Yarochkin<br \/>\n\u00a9 Serghei Velusceac<br \/>\n\u00a9 shima-risu<br \/>\n\u00a9 shishiga<br \/>\n\u00a9 shishiga<br \/>\n\u00a9 Spectral-Design<br \/>\n\u00a9 Spencer<br \/>\n\u00a9 Stefan Rajewski<br \/>\n\u00a9 Studio KIVI<br \/>\n\u00a9 tdrechsler<br \/>\n\u00a9 TELCOM-PHOTOGRAPHY<br \/>\n\u00a9 teptong<br \/>\n\u00a9 terex<br \/>\n\u00a9 th3fisa<br \/>\n\u00a9 the_lightwriter<br \/>\n\u00a9 Thomas Otto<br \/>\n\u00a9 topae<br \/>\n\u00a9 udra11<br \/>\n\u00a9 unseenthailand<br \/>\n\u00a9 Uwe Annas<br \/>\n\u00a9 Vasiliy Koval<br \/>\n\u00a9 Victor Spanne<br \/>\n\u00a9 vimax001<br \/>\n\u00a9 vkara<br \/>\n\u00a9 Volodymyr Khotenko<br \/>\n\u00a9 Voyagerix<br \/>\n\u00a9 Web Buttons Inc<br \/>\n\u00a9 Wild Geese<br \/>\n\u00a9 WoGi<br \/>\n\u00a9 Wrangler<br \/>\n\u00a9 XtravaganT<br \/>\n\u00a9 zelepukin<br \/>\n\u00a9 zothen<br \/>\n\u00a9.shock<\/p>\n<p>stock.adobe.com<\/p>\n<p>\u00a9 alotofpeople<br \/>\n\u00a9.Blue Planet Studio<br \/>\n\u00a9 ipopba<\/p>\n<p>Dreamstime.com<\/p>\n<p>\u00a9 Trueffelpix<br \/>\n\u00a9 John Kounadeas<\/p>\n<p>Source: <em>Imprint created by the imprint-generator of <a href=\"http:\/\/www.e-recht24.de\" rel=\"nofollow\">e-recht24.de<\/a><\/em><\/p>\n<h2>Disclaimer:<\/h2>\n<p><strong>Liability for content<\/strong><\/p>\n<p>The contents of our pages were created with great care. For the correctness, completeness and topicality of contents we can take over however no guarantee. As a service provider we are responsible for our own contents on these pages under the general laws according to \u00a7 7 paragraph 1 of TMG. According to \u00a7 \u00a7 8 to 10 TMG we are not obliged as a service provider, to monitor the transmitted or stored information or to investigate circumstances, indicating an unlawful activity. Obligations to remove or block the use of information under the general laws remain unaffected. However, a relevant liability is only possible from the date of knowledge of a concrete infringement. Upon notification of such infringement, we will remove the content immediately.<\/p>\n<p><strong>Liability for links<\/strong><\/p>\n<p>Our offer contains links to external websites over which we have no control. Therefore we can for these foreign contents also assume no liability. The respective provider or operator of this pages is responsible for the content of the linked pages. The linked sites were checked at the time of linking for possible legal violations. Illegal contents were not recognizable at the time of linking. A permanent control of the linked pages is unreasonable without concrete evidence of a violation. Upon notification of such infringement, we will remove the content immediately.<\/p>\n<p><strong>Copyright<\/strong><\/p>\n<p>The contents and works on these pages created by the site operator are subject to German copyright. Duplication, processing, distribution and any kind of exploitation outside the limits of copyright require the written consent of the author or creator. Downloads and copies of these pages are only permitted for private, non-commercial use. As far as the content is not created by the website operator, the copyrights of third parties are respected.In particular contents of third parties are marked as such. If you should become attentive nevertheless on a copyright infringement, we ask for an appropriate reference. Upon notification of such infringement, we will remove the content immediately.<\/p>\n<p><strong>Privacy Policy<\/strong><\/p>\n<\/div>\n<p><span class=\"tlid-translation translation\">The operators of these pages take the protection of your personal data very seriously. We treat your personal data confidentially and in accordance with the statutory data protection regulations and this privacy policy. The use of our website is usually possible without providing personal information. As far as on our sides personal data (for example name, address or E-Mail addresses) are raised, this takes place, as far as possible, always on freiwilliger basis. These data will not be disclosed to third parties without your explicit consent. Please note that data transmission over the Internet (for example, when communicating via e-mail) may have security vulnerabilities. A complete protection of the data from access by third parties is not possible. cookies The internet pages partly use so-called cookies. Cookies do not harm your computer and do not contain viruses. Cookies serve to make our offer more user-friendly, effective and secure. <\/span><\/p>\n<p><span class=\"tlid-translation translation\"><strong>Cookies<\/strong><\/span><\/p>\n<p><span class=\"tlid-translation translation\">The internet pages partly use so-called cookies. Cookies do not harm your computer and do not contain viruses. Cookies serve to make our offer more user-friendly, effective and secure. Cookies are small text files that are stored on your computer and stored by your browser. Most of the cookies we use are so-called &#8220;session cookies&#8221;. They are automatically deleted after your visit. Other cookies remain stored on your device until you delete them. These cookies allow us to recognize your browser the next time you visit. You can set your browser so that you are informed about the setting of cookies and allow cookies only in individual cases, the acceptance of cookies for certain cases or generally exclude and enable the automatic deletion of cookies when closing the browser. Disabling cookies may limit the functionality of this website.<\/span><\/p>\n<p><span class=\"tlid-translation translation\"><strong><span title=\"\">Server<\/span> <span title=\"\">log files<\/span><\/strong><br \/>\n<\/span><\/p>\n<p><span class=\"tlid-translation translation\"><span title=\"\">The provider of the pages automatically collects and stores information in so-called server log files, which your browser automatically transmits to us.<\/span> <span title=\"\">These are:<\/span><br \/>\n<\/span><\/p>\n<ul>\n<li><em><span class=\"tlid-translation translation\"><span title=\"\">Browser type and browser version<\/span><\/span><\/em><\/li>\n<li><em><span class=\"tlid-translation translation\"><span title=\"\">used operating system<\/span><\/span><\/em><\/li>\n<li><em><span class=\"tlid-translation translation\"><span title=\"\">Referrer URL<\/span><\/span><\/em><\/li>\n<li><em><span class=\"tlid-translation translation\"><span title=\"\">Host name of the accessing computer<\/span><\/span><\/em><\/li>\n<li><em><span class=\"tlid-translation translation\"><span title=\"\">Time of the server request<\/span><\/span><\/em><\/li>\n<\/ul>\n<p><span class=\"tlid-translation translation\"><span title=\"\">These data can not be assigned to specific persons.<\/span> <span title=\"\">A merge of this data with other data sources will not be done.<\/span> <span class=\"\" title=\"\">We reserve the right to check this data retrospectively, if we become aware of specific indications for illegal use.<\/span><\/span><\/p>\n<\/div>\n<p><span class=\"tlid-translation translation\"><strong><span title=\"\">Contact form<\/span><\/strong><br \/>\n<span class=\"\" title=\"\">If you send us inquiries via the contact form, your details from the inquiry form, including the contact details you provided there, will be stored in order to process the request and in case of follow-up questions.<\/span> <span class=\"\" title=\"\">We will not share this information without your consent.<\/span><\/span><\/p>\n<p><span class=\"tlid-translation translation\"><strong><span class=\"\" title=\"\">Newsletter<\/span> <span title=\"\">data<\/span><\/strong><br \/>\n<span class=\"\" title=\"\">If you would like to receive the newsletter offered on the website, we require an e-mail address from you, as well as information that allows us to verify that you are the owner of the e-mail address provided and that you agree to receive the newsletter<\/span> <span title=\"\">,<\/span> <span title=\"\">Further data is not collected.<\/span> <span title=\"\">We use this data exclusively for the delivery of the requested information and do not pass it on to third parties.<\/span> <span title=\"\">The granted consent to the storage of the data, the e-mail address and their use for sending the newsletter can be revoked at any time, for example via the &#8220;unsubscribe&#8221; link in the newsletter.<\/span><\/span><\/p>\n<p><strong>Google Analytics<\/strong><br \/>\nThis website uses functions of the web analytics service Google Analytics. Provider is Google Inc., 1600 Amphitheater Parkway Mountain View, CA 94043, USA. Google Analytics uses so-called &#8220;cookies&#8221;. These are text files that are stored on your computer and that allow an analysis of the use of the website by you. The information generated by the cookie about your use of this website is usually transmitted to a Google server in the USA and stored there.<\/p>\n<p><strong>IP anonymization<\/strong><br \/>\nWe have activated the function IP anonymization on this website. As a result, your IP address will be truncated by Google within member states of the European Union or other parties to the Agreement on the European Economic Area prior to transmission to the United States. Only in exceptional cases will the full IP address be sent to a Google server in the US and shortened there. On behalf of the operator of this website, Google will use this information to evaluate your use of the website, to compile reports on website activity and to provide other services related to website activity and internet usage to the website operator. The IP address provided by Google Analytics as part of Google Analytics will not be merged with other Google data.<\/p>\n<p><strong>Browser plugin<\/strong><br \/>\nYou can prevent the storage of cookies by a corresponding setting of your browser software; however, please note that if you do this, you may not be able to use all the features of this website to the fullest extent possible. In addition, you may prevent the collection by Google of the data generated by the cookie and related to your use of the website (including your IP address) as well as the processing of this data by Google by downloading the browser plug-in available under the following link and install: https:\/\/tools.google.com\/dlpage\/gaoptout?hl=en<\/p>\n<p><strong>Opposition to data collection<\/strong><br \/>\nYou can prevent the collection of your data by Google Analytics by clicking on the following link. An opt-out cookie is set to prevent your data from being collected on future visits to this website: Disabling Google Analytics For more information on how Google Analytics handles user data, please refer to the Google Privacy Policy: https:\/\/support.google. com \/ analytics \/ answer \/ 6004245? hl = en<\/p>\n<p><strong>Demographics in Google Analytics<\/strong><br \/>\nThis website uses the demographics feature of Google Analytics. As a result, reports can be produced that contain statements on the age, gender and interests of the site visitors. This data comes from interest-based advertising from Google and third-party visitor data. This data can not be assigned to a specific person. You can disable this feature at any time through the ad settings in your Google Account, or generally prohibit the collection of your data by Google Analytics as outlined in the section &#8220;Opposition to Data Collection&#8221;.<\/p>\n<p><strong>SSL encryption<\/strong><br \/>\nThis site uses SSL encryption for security reasons and to protect the transmission of sensitive content, such as the requests you send to us as the site operator. You can recognize an encrypted connection by changing the address line of the browser from &#8220;http: \/\/&#8221; to &#8220;https: \/\/&#8221; and the lock symbol in your browser line. If SSL encryption is enabled, the data you submit to us can not be read by third parties.<\/p>\n<p><strong>Right to information, cancellation, blocking<\/strong><br \/>\nAt any time you have the right to free information about your stored personal data, their origin and recipient and the purpose of the data processing and a right to correct, block or delete this data. For further information on personal data you can contact us at any time at the address given in the imprint.<\/p>\n<p>Sources: Disclaimer eRecht24, Facebook-Disclaimer von eRecht24, Datenschutzerkl\u00e4rung f\u00fcr Google Analytics, eRecht24 Datenschutzerkl\u00e4rung Google Adsense<\/p>\n<div class=\"text-wrap\"><\/div>\n<div>\n<div>\n<p>&nbsp;<\/p>\n<\/div>\n<\/div>\n<p>&nbsp;<\/p>\n","protected":false},"excerpt":{"rendered":"<p>Information in accordance with \u00a7 5 TMG: padela GmbH Fleckenweg 15 86316 Friedberg Authorised representative as managing partner: Achim Federle Contact: Telephone: 0821\/34 99 822 E-Mail: info(at)padela.de Register entry: Entry in the commercial register. Register court: Augsburg Register number: HRB 27411 Value added tax-ID: Value added tax-identification number in accordance with \u00a727 a value added<\/p>\n","protected":false},"author":1,"featured_media":0,"parent":0,"menu_order":0,"comment_status":"closed","ping_status":"open","template":"","meta":{"footnotes":""},"class_list":["post-874","page","type-page","status-publish","hentry"],"_links":{"self":[{"href":"https:\/\/www.padela.de\/en\/wp-json\/wp\/v2\/pages\/874","targetHints":{"allow":["GET"]}}],"collection":[{"href":"https:\/\/www.padela.de\/en\/wp-json\/wp\/v2\/pages"}],"about":[{"href":"https:\/\/www.padela.de\/en\/wp-json\/wp\/v2\/types\/page"}],"author":[{"embeddable":true,"href":"https:\/\/www.padela.de\/en\/wp-json\/wp\/v2\/users\/1"}],"replies":[{"embeddable":true,"href":"https:\/\/www.padela.de\/en\/wp-json\/wp\/v2\/comments?post=874"}],"version-history":[{"count":9,"href":"https:\/\/www.padela.de\/en\/wp-json\/wp\/v2\/pages\/874\/revisions"}],"predecessor-version":[{"id":2159,"href":"https:\/\/www.padela.de\/en\/wp-json\/wp\/v2\/pages\/874\/revisions\/2159"}],"wp:attachment":[{"href":"https:\/\/www.padela.de\/en\/wp-json\/wp\/v2\/media?parent=874"}],"curies":[{"name":"wp","href":"https:\/\/api.w.org\/{rel}","templated":true}]}}